{"id":27948,"date":"2021-02-24T16:39:47","date_gmt":"2021-02-24T15:39:47","guid":{"rendered":"https:\/\/abc-power.de\/produkt\/eco-128b-ww-6000lm-2700k-24v-50w\/"},"modified":"2025-06-26T09:10:19","modified_gmt":"2025-06-26T07:10:19","slug":"led-strip-warm-white-2700k-24v-12w-eco-128b-ww","status":"publish","type":"product","link":"https:\/\/abc-power.de\/en\/produkt\/led-strip-warm-white-2700k-24v-12w-eco-128b-ww\/","title":{"rendered":"ECO-128B-WW (1440lm\/m, 2700K)"},"content":{"rendered":"<p style=\"color: #ffffff; font-size: 1%;\">LED Strip 24V 5m Role Warmwhite 2700K SMD2835 60W 640 LEDs 6000lm Flexible LED Strip<\/p>\n<div class=\"fusion-text fusion-text-1\" style=\"--awb-font-size:16px;--awb-margin-left:1px;\"><\/p>\n<p><strong>ECO-128B-WW<\/strong><\/p>\n<p>\n<\/div>\n<div class=\"fusion-text fusion-text-2\" style=\"--awb-font-size:16px;--awb-margin-left:2px;\"><\/p>\n<p>Flexible LED Strip 5 m Role<br \/>\n128 LEDs\/m, 120 lm\/W, 12 W\/m, 24 V, 2700 K<\/p>\n<p>\n<\/div>\n<div class=\"fusion-text fusion-text-3\" style=\"--awb-font-size:16px;--awb-margin-left:2px;\"><\/p>\n<p>&nbsp;<\/p>\n<p>Technical Data<\/p>\n<p>\n<\/div>\n<p style=\"color: #ffffff; font-size: 1%;\">LED Strip 24V 5m Role Warmwhite 2700K SMD2835 60W 640 LEDs 6000lm Flexible LED Strip<\/p>\n<\/p>\n<div class=\"table-1\">\n<table width=\"100%\">\n<colgroup>\n<col style=\"width: 38%;\" span=\"1\" \/>\n<col style=\"width: 62%;\" span=\"1\" \/> <\/colgroup>\n<tbody>\n<tr>\n<td align=\"left\"><strong>Model<\/strong><\/td>\n<td align=\"left\">ECO-128B-WW<\/td>\n<\/tr>\n<tr>\n<td align=\"left\"><strong>LED type<\/strong><\/td>\n<td align=\"left\">SMD 2835<\/td>\n<\/tr>\n<tr>\n<td align=\"left\"><strong>Operating voltage<\/strong><\/td>\n<td align=\"left\">24 Vdc (constant voltage)<\/td>\n<\/tr>\n<tr>\n<td align=\"left\"><strong>LED quantity<\/strong><\/td>\n<td align=\"left\">640 (128 LEDs\/m)<\/td>\n<\/tr>\n<tr>\n<td align=\"left\"><strong>Power<\/strong><\/td>\n<td align=\"left\">60 W (12 W\/m)<\/td>\n<\/tr>\n<tr>\n<td align=\"left\"><strong>Efficiency<\/strong><\/td>\n<td align=\"left\">120 lm\/W<\/td>\n<\/tr>\n<tr>\n<td align=\"left\"><strong>Light flux<\/strong><\/td>\n<td align=\"left\">7200 lm (1440 lm\/m)<\/td>\n<\/tr>\n<tr>\n<td align=\"left\"><strong>CRI<\/strong><\/td>\n<td align=\"left\">&gt; 80 Ra<\/td>\n<\/tr>\n<tr>\n<td align=\"left\"><strong>Color temperature<\/strong><\/td>\n<td align=\"left\">2700 K<\/td>\n<\/tr>\n<tr>\n<td align=\"left\"><strong>Length<\/strong><\/td>\n<td align=\"left\">5000 mm<\/td>\n<\/tr>\n<tr>\n<td align=\"left\"><strong>Width<\/strong><\/td>\n<td align=\"left\">8 mm<\/td>\n<\/tr>\n<tr>\n<td align=\"left\"><strong>Hight<\/strong><\/td>\n<td align=\"left\">1,2 mm<\/td>\n<\/tr>\n<tr>\n<td align=\"left\"><strong>Life time<\/strong><\/td>\n<td align=\"left\">&gt; 30.000 h<\/td>\n<\/tr>\n<tr>\n<td align=\"left\"><strong>Operating temperature (tc)<\/strong><\/td>\n<td align=\"left\">-25 \u00b0C &#8230; +80 \u00b0C<\/td>\n<\/tr>\n<tr>\n<td align=\"left\"><strong>Storage temperature<\/strong><\/td>\n<td align=\"left\">-40 \u00b0C &#8230; +100 \u00b0C<\/td>\n<\/tr>\n<tr>\n<td align=\"left\"><strong>Protection type<\/strong><\/td>\n<td align=\"left\">IP20<\/td>\n<\/tr>\n<tr>\n<td align=\"left\"><strong>CE \/ RoHS<\/strong><\/td>\n<td align=\"left\">Ja<\/td>\n<\/tr>\n<tr>\n<td align=\"left\"><strong>Energy efficiency class<\/strong><\/td>\n<td align=\"left\">D (by regulation EU2019\/2015)<\/td>\n<\/tr>\n<\/tbody>\n<\/table>\n<\/div>\n<p>\n<p style=\"color: #ffffff; font-size: 1%;\">LED Strip 24V 5m Role Warmwhite 2700K SMD2835 60W 640 LEDs 6000lm Flexible LED Strip<\/p>\n<div class=\"fusion-text fusion-text-4\" style=\"--awb-font-size:16px;--awb-margin-left:2px;\"><\/p>\n<p>&nbsp;<\/p>\n<p>Dimension<\/p>\n<p>\n<\/div>\n<div class=\"fusion-image-element in-legacy-container\" style=\"--awb-max-width:800px;\"><span class=\" fusion-imageframe imageframe-none imageframe-1 hover-type-none\"><img decoding=\"async\" src=\"https:\/\/www.illuburg.de\/wp-content\/uploads\/2022\/01\/ECO-128B_dimmension.png\" alt class=\"img-responsive\"\/><\/span><\/div>\n<p>&nbsp;<\/p>\n<div class=\"fusion-text fusion-text-5\" style=\"--awb-font-size:1px;--awb-margin-left:1px;\"><p>\n<span style=\"color: #ffffff;\">LED Strip ECO-128B-WW: Flexibler LED-Streifen 24 V Konstantspannung, 2700 &#8211; 3000 K Kaltwei\u00df, 2835 SMD LED, 640 LEDs (128 LEDs\/m), 5 Meter.<\/span><br \/>\n<span style=\"color: #ffffff;\">LEISTUNG &#038; EFFIZIENZ: Leistung 60 W (12 W\/m), Lichtstrom 6000 lm (1200 lm\/m), Effizienz 120 lm\/W, CRI > 80 Ra.<\/span><br \/>\n<span style=\"color: #ffffff;\">INSTALLATION: Breite 8 mm, H\u00f6he 1,2 mm, Abschnittsl\u00e4nge 62,5 mm, Schutzart IP20, geeignet f\u00fcr M\u00f6beleinbau (K\u00fcche, M\u00f6bel, Spiegel etc).<\/span><br \/>\n<span style=\"color: #ffffff;\">QUALIT\u00c4T: Pr\u00fcfzeichen CE, Lebensdauer > 30.000 Stunden, Betriebstemperatur -25 &#8211; +80 \u00b0C, Lagertemperatur -40 &#8211; +100 \u00b0C.<\/span><br \/>\n<span style=\"color: #ffffff;\">LIEFERUNG: 1 x 5 Meter LED-Streifen Rolle ohne LED-Netzteil oder andere Zubeh\u00f6re.<\/span><br \/>\n<span style=\"color: #ffffff;\">led streifen strip leiste warmweiss 2700k 3000k 5m 24v 60w ip20 m\u00f6beleinbau dimmbar smd 2835<\/span><\/p>\n<p style=\"color: #ffffff; font-size: 1%;\">LED Strip 24V 5m Role Warmwhite 2700K SMD2835 60W 640 LEDs 6000lm Flexible LED Strip<\/p>\n<p>\n<\/div>\n","protected":false},"excerpt":{"rendered":"<p>[adp_product_bulk_rules_table]<\/p>\n<p>&nbsp;<\/p>\n<p><strong>Price on request for order quantity from 50 pieces<\/strong><\/p>\n<p>Price plus VAT, <a href=\"https:\/\/abc-power.de\/en\/shipping-cost\/\" target=\"_blank\" rel=\"noopener\"><u>plus shipping cost<\/u><\/a><\/p>\n<p>Delivery time: 2-5 workdays inside EU<\/p>\n","protected":false},"featured_media":28107,"comment_status":"open","ping_status":"closed","template":"","meta":[],"product_brand":[],"product_cat":[173],"product_tag":[],"class_list":{"0":"post-27948","1":"product","2":"type-product","3":"status-publish","4":"has-post-thumbnail","6":"product_cat-led-strip-smd-24v-5m","7":"product_shipping_class-standard-package","9":"first","10":"outofstock","11":"taxable","12":"shipping-taxable","13":"purchasable","14":"product-type-simple"},"yoast_head":"<!-- This site is optimized with the Yoast SEO Premium plugin v27.2 (Yoast SEO v27.2) - https:\/\/yoast.com\/product\/yoast-seo-premium-wordpress\/ -->\n<title>ECO-128B-WW (1440lm\/m, 2700K) - ABC Power<\/title>\n<meta name=\"robots\" content=\"index, follow, max-snippet:-1, max-image-preview:large, max-video-preview:-1\" \/>\n<link rel=\"canonical\" href=\"https:\/\/abc-power.de\/en\/produkt\/led-strip-warm-white-2700k-24v-12w-eco-128b-ww\/\" \/>\n<meta property=\"og:locale\" content=\"en_US\" \/>\n<meta property=\"og:type\" content=\"article\" \/>\n<meta property=\"og:title\" content=\"ECO-128B-WW (1440lm\/m, 2700K)\" \/>\n<meta property=\"og:description\" content=\"[adp_product_bulk_rules_table]  &nbsp;  Price on request for order quantity from 50 pieces  Price plus VAT, plus shipping cost  Delivery time: 2-5 workdays inside EU\" \/>\n<meta property=\"og:url\" content=\"https:\/\/abc-power.de\/en\/produkt\/led-strip-warm-white-2700k-24v-12w-eco-128b-ww\/\" \/>\n<meta property=\"og:site_name\" content=\"ABC Power\" \/>\n<meta property=\"article:modified_time\" content=\"2025-06-26T07:10:19+00:00\" \/>\n<meta property=\"og:image\" content=\"https:\/\/abc-power.de\/wp-content\/uploads\/2021\/02\/ECO-128B-NW_web.png\" \/>\n\t<meta property=\"og:image:width\" content=\"1200\" \/>\n\t<meta property=\"og:image:height\" content=\"1200\" \/>\n\t<meta property=\"og:image:type\" content=\"image\/png\" \/>\n<meta name=\"twitter:card\" content=\"summary_large_image\" \/>\n<meta name=\"twitter:label1\" content=\"Price\" \/>\n\t<meta name=\"twitter:data1\" content=\"9,99&euro;\" \/>\n\t<meta name=\"twitter:label2\" content=\"Availability\" \/>\n\t<meta name=\"twitter:data2\" content=\"Out of stock\" \/>\n<script type=\"application\/ld+json\" class=\"yoast-schema-graph\">{\"@context\":\"https:\/\/schema.org\",\"@graph\":[{\"@type\":\"WebPage\",\"@id\":\"https:\/\/abc-power.de\/en\/produkt\/led-strip-warm-white-2700k-24v-12w-eco-128b-ww\/\",\"url\":\"https:\/\/abc-power.de\/en\/produkt\/led-strip-warm-white-2700k-24v-12w-eco-128b-ww\/\",\"name\":\"ECO-128B-WW (1440lm\/m, 2700K) - ABC Power\",\"isPartOf\":{\"@id\":\"https:\/\/abc-power.de\/en\/#website\"},\"primaryImageOfPage\":{\"@id\":\"https:\/\/abc-power.de\/en\/produkt\/led-strip-warm-white-2700k-24v-12w-eco-128b-ww\/#primaryimage\"},\"image\":{\"@id\":\"https:\/\/abc-power.de\/en\/produkt\/led-strip-warm-white-2700k-24v-12w-eco-128b-ww\/#primaryimage\"},\"thumbnailUrl\":\"https:\/\/abc-power.de\/wp-content\/uploads\/2021\/02\/ECO-128B-NW_web.png\",\"datePublished\":\"2021-02-24T15:39:47+00:00\",\"dateModified\":\"2025-06-26T07:10:19+00:00\",\"breadcrumb\":{\"@id\":\"https:\/\/abc-power.de\/en\/produkt\/led-strip-warm-white-2700k-24v-12w-eco-128b-ww\/#breadcrumb\"},\"inLanguage\":\"en-US\",\"potentialAction\":[{\"@type\":\"ReadAction\",\"target\":[\"https:\/\/abc-power.de\/en\/produkt\/led-strip-warm-white-2700k-24v-12w-eco-128b-ww\/\"]}]},{\"@type\":\"ImageObject\",\"inLanguage\":\"en-US\",\"@id\":\"https:\/\/abc-power.de\/en\/produkt\/led-strip-warm-white-2700k-24v-12w-eco-128b-ww\/#primaryimage\",\"url\":\"https:\/\/abc-power.de\/wp-content\/uploads\/2021\/02\/ECO-128B-NW_web.png\",\"contentUrl\":\"https:\/\/abc-power.de\/wp-content\/uploads\/2021\/02\/ECO-128B-NW_web.png\",\"width\":1200,\"height\":1200},{\"@type\":\"BreadcrumbList\",\"@id\":\"https:\/\/abc-power.de\/en\/produkt\/led-strip-warm-white-2700k-24v-12w-eco-128b-ww\/#breadcrumb\",\"itemListElement\":[{\"@type\":\"ListItem\",\"position\":1,\"name\":\"Startseite\",\"item\":\"https:\/\/abc-power.de\/en\/\"},{\"@type\":\"ListItem\",\"position\":2,\"name\":\"Products\",\"item\":\"https:\/\/abc-power.de\/en\/shop-full-width\/\"},{\"@type\":\"ListItem\",\"position\":3,\"name\":\"ECO-128B-WW (1440lm\/m, 2700K)\"}]},{\"@type\":\"WebSite\",\"@id\":\"https:\/\/abc-power.de\/en\/#website\",\"url\":\"https:\/\/abc-power.de\/en\/\",\"name\":\"ABC Power\",\"description\":\"All Best Lighting Components\",\"potentialAction\":[{\"@type\":\"SearchAction\",\"target\":{\"@type\":\"EntryPoint\",\"urlTemplate\":\"https:\/\/abc-power.de\/en\/?s={search_term_string}\"},\"query-input\":{\"@type\":\"PropertyValueSpecification\",\"valueRequired\":true,\"valueName\":\"search_term_string\"}}],\"inLanguage\":\"en-US\"}]}<\/script>\n<meta property=\"product:price:amount\" content=\"9.99\" \/>\n<meta property=\"product:price:currency\" content=\"EUR\" \/>\n<meta property=\"og:availability\" content=\"out of stock\" \/>\n<meta property=\"product:availability\" content=\"out of stock\" \/>\n<meta property=\"product:retailer_item_id\" content=\"SW020010\" \/>\n<meta property=\"product:condition\" content=\"new\" \/>\n<!-- \/ Yoast SEO Premium plugin. -->","yoast_head_json":{"title":"ECO-128B-WW (1440lm\/m, 2700K) - ABC Power","robots":{"index":"index","follow":"follow","max-snippet":"max-snippet:-1","max-image-preview":"max-image-preview:large","max-video-preview":"max-video-preview:-1"},"canonical":"https:\/\/abc-power.de\/en\/produkt\/led-strip-warm-white-2700k-24v-12w-eco-128b-ww\/","og_locale":"en_US","og_type":"article","og_title":"ECO-128B-WW (1440lm\/m, 2700K)","og_description":"[adp_product_bulk_rules_table]  &nbsp;  Price on request for order quantity from 50 pieces  Price plus VAT, plus shipping cost  Delivery time: 2-5 workdays inside EU","og_url":"https:\/\/abc-power.de\/en\/produkt\/led-strip-warm-white-2700k-24v-12w-eco-128b-ww\/","og_site_name":"ABC Power","article_modified_time":"2025-06-26T07:10:19+00:00","og_image":[{"width":1200,"height":1200,"url":"https:\/\/abc-power.de\/wp-content\/uploads\/2021\/02\/ECO-128B-NW_web.png","type":"image\/png"}],"twitter_card":"summary_large_image","twitter_misc":{"Price":"9,99&euro;","Availability":"Out of stock"},"schema":{"@context":"https:\/\/schema.org","@graph":[{"@type":"WebPage","@id":"https:\/\/abc-power.de\/en\/produkt\/led-strip-warm-white-2700k-24v-12w-eco-128b-ww\/","url":"https:\/\/abc-power.de\/en\/produkt\/led-strip-warm-white-2700k-24v-12w-eco-128b-ww\/","name":"ECO-128B-WW (1440lm\/m, 2700K) - ABC Power","isPartOf":{"@id":"https:\/\/abc-power.de\/en\/#website"},"primaryImageOfPage":{"@id":"https:\/\/abc-power.de\/en\/produkt\/led-strip-warm-white-2700k-24v-12w-eco-128b-ww\/#primaryimage"},"image":{"@id":"https:\/\/abc-power.de\/en\/produkt\/led-strip-warm-white-2700k-24v-12w-eco-128b-ww\/#primaryimage"},"thumbnailUrl":"https:\/\/abc-power.de\/wp-content\/uploads\/2021\/02\/ECO-128B-NW_web.png","datePublished":"2021-02-24T15:39:47+00:00","dateModified":"2025-06-26T07:10:19+00:00","breadcrumb":{"@id":"https:\/\/abc-power.de\/en\/produkt\/led-strip-warm-white-2700k-24v-12w-eco-128b-ww\/#breadcrumb"},"inLanguage":"en-US","potentialAction":[{"@type":"ReadAction","target":["https:\/\/abc-power.de\/en\/produkt\/led-strip-warm-white-2700k-24v-12w-eco-128b-ww\/"]}]},{"@type":"ImageObject","inLanguage":"en-US","@id":"https:\/\/abc-power.de\/en\/produkt\/led-strip-warm-white-2700k-24v-12w-eco-128b-ww\/#primaryimage","url":"https:\/\/abc-power.de\/wp-content\/uploads\/2021\/02\/ECO-128B-NW_web.png","contentUrl":"https:\/\/abc-power.de\/wp-content\/uploads\/2021\/02\/ECO-128B-NW_web.png","width":1200,"height":1200},{"@type":"BreadcrumbList","@id":"https:\/\/abc-power.de\/en\/produkt\/led-strip-warm-white-2700k-24v-12w-eco-128b-ww\/#breadcrumb","itemListElement":[{"@type":"ListItem","position":1,"name":"Startseite","item":"https:\/\/abc-power.de\/en\/"},{"@type":"ListItem","position":2,"name":"Products","item":"https:\/\/abc-power.de\/en\/shop-full-width\/"},{"@type":"ListItem","position":3,"name":"ECO-128B-WW (1440lm\/m, 2700K)"}]},{"@type":"WebSite","@id":"https:\/\/abc-power.de\/en\/#website","url":"https:\/\/abc-power.de\/en\/","name":"ABC Power","description":"All Best Lighting Components","potentialAction":[{"@type":"SearchAction","target":{"@type":"EntryPoint","urlTemplate":"https:\/\/abc-power.de\/en\/?s={search_term_string}"},"query-input":{"@type":"PropertyValueSpecification","valueRequired":true,"valueName":"search_term_string"}}],"inLanguage":"en-US"}]},"product_price_amount":"9.99","product_price_currency":"EUR","og_availability":"out of stock","product_availability":"out of stock","product_retailer_item_id":"SW020010","product_condition":"new"},"_links":{"self":[{"href":"https:\/\/abc-power.de\/en\/wp-json\/wp\/v2\/product\/27948","targetHints":{"allow":["GET"]}}],"collection":[{"href":"https:\/\/abc-power.de\/en\/wp-json\/wp\/v2\/product"}],"about":[{"href":"https:\/\/abc-power.de\/en\/wp-json\/wp\/v2\/types\/product"}],"replies":[{"embeddable":true,"href":"https:\/\/abc-power.de\/en\/wp-json\/wp\/v2\/comments?post=27948"}],"wp:featuredmedia":[{"embeddable":true,"href":"https:\/\/abc-power.de\/en\/wp-json\/wp\/v2\/media\/28107"}],"wp:attachment":[{"href":"https:\/\/abc-power.de\/en\/wp-json\/wp\/v2\/media?parent=27948"}],"wp:term":[{"taxonomy":"product_brand","embeddable":true,"href":"https:\/\/abc-power.de\/en\/wp-json\/wp\/v2\/product_brand?post=27948"},{"taxonomy":"product_cat","embeddable":true,"href":"https:\/\/abc-power.de\/en\/wp-json\/wp\/v2\/product_cat?post=27948"},{"taxonomy":"product_tag","embeddable":true,"href":"https:\/\/abc-power.de\/en\/wp-json\/wp\/v2\/product_tag?post=27948"}],"curies":[{"name":"wp","href":"https:\/\/api.w.org\/{rel}","templated":true}]}}