{"id":37750,"date":"2025-05-21T15:46:37","date_gmt":"2025-05-21T13:46:37","guid":{"rendered":"https:\/\/abc-power.de\/produkt\/mi-15v12-dali2-12v-15w\/"},"modified":"2026-01-14T15:21:50","modified_gmt":"2026-01-14T14:21:50","slug":"led-driver-12v-15w-dali-push-mi-15v12-dali2","status":"publish","type":"product","link":"https:\/\/abc-power.de\/en\/produkt\/led-driver-12v-15w-dali-push-mi-15v12-dali2\/","title":{"rendered":"MI-15V12-DALI2"},"content":{"rendered":"<div class=\"fusion-text fusion-text-1\" style=\"--awb-font-size:16px;--awb-margin-left:1px;\"><\/p>\n<p><strong>MI-15V12-DALI2<\/strong><\/p>\n<p>\n<\/div>\n<div class=\"fusion-text fusion-text-2\" style=\"--awb-font-size:16px;--awb-margin-left:2px;\"><\/p>\n<p>LED power supply for 12 Vdc constant voltage<br \/>\n1.25 A (15W) max., IP20, independent installation<br \/>\nDimmable with DALI2, PUSH (pri.)<br \/>\nFlickerfree according to IEEE 1789<\/p>\n<p>\n<\/div>\n<div class=\"fusion-text fusion-text-3\" style=\"--awb-font-size:16px;--awb-margin-left:2px;\"><\/p>\n<p>&nbsp;<\/p>\n<p>Electrical Data<\/p>\n<p>\n<\/div>\n<\/p>\n<div class=\"table-1\">\n<table width=\"100%\">\n<colgroup>\n<col style=\"width: 38%;\" span=\"1\" \/>\n<col style=\"width: 62%;\" span=\"1\" \/> <\/colgroup>\n<tbody>\n<tr>\n<td align=\"left\"><strong>Input Voltage (nominal)<\/strong><\/td>\n<td align=\"left\">220&#8230;240 Vac<\/td>\n<\/tr>\n<tr>\n<td align=\"left\"><strong>Input Voltage (range)<\/strong><\/td>\n<td align=\"left\">198&#8230;264 Vac<\/td>\n<\/tr>\n<tr>\n<td align=\"left\"><strong>Mains Frequency<\/strong><\/td>\n<td align=\"left\">50\/60 Hz<\/td>\n<\/tr>\n<tr>\n<td align=\"left\"><strong>Power Factor (\u03bb)<\/strong><\/td>\n<td align=\"left\">\u2265 0.95\u2003\u2003Full Load, 230 Vac<\/td>\n<\/tr>\n<tr>\n<td align=\"left\"><strong>Input Current<\/strong><\/td>\n<td align=\"left\">0.1 A max.<\/td>\n<\/tr>\n<tr>\n<td align=\"left\"><strong>Inrush Current<\/strong><\/td>\n<td align=\"left\">15 A max.<\/td>\n<\/tr>\n<tr>\n<td align=\"left\"><strong>Output Voltage<\/strong><\/td>\n<td align=\"left\">12 Vdc<\/td>\n<\/tr>\n<tr>\n<td align=\"left\"><strong>Output Current<\/strong><\/td>\n<td align=\"left\">1.25 A max.<\/td>\n<\/tr>\n<tr>\n<td align=\"left\"><strong>Output Power (nominal)<\/strong><\/td>\n<td align=\"left\">15 W<\/td>\n<\/tr>\n<tr>\n<td align=\"left\"><strong>Output option *<\/strong><\/td>\n<td align=\"left\">O: Osram GU5.3 \/ MR16 socket<br \/>\nP: Philips GU5.3 \/ MR16 socket<br \/>\n* Setting via DIP switches<\/td>\n<\/tr>\n<tr>\n<td align=\"left\"><strong>Efficiency<\/strong><\/td>\n<td align=\"left\">\u2265 83 %\u2003\u2003Full Load, 230 Vac<\/td>\n<\/tr>\n<tr>\n<td align=\"left\"><strong>Life Time<\/strong><\/td>\n<td align=\"left\">5 years<\/td>\n<\/tr>\n<tr>\n<td align=\"left\"><strong>Dimming mode<\/strong><\/td>\n<td align=\"left\">DALI, PUSH (pri.)<\/td>\n<\/tr>\n<\/tbody>\n<\/table>\n<\/div>\n<p>\n<p>&nbsp;<\/p>\n<div class=\"fusion-text fusion-text-4\" style=\"--awb-font-size:16px;--awb-margin-left:2px;\"><\/p>\n<p>Operating Condition<\/p>\n<p>\n<\/div>\n<\/p>\n<div class=\"table-1\">\n<table width=\"100%\">\n<colgroup>\n<col style=\"width: 38%;\" span=\"1\" \/>\n<col style=\"width: 62%;\" span=\"1\" \/> <\/colgroup>\n<tbody>\n<tr>\n<td align=\"left\"><strong>Operating temperature range (ta)<\/strong><\/td>\n<td align=\"left\">-20&#8230;+50 \u00b0C<\/td>\n<\/tr>\n<tr>\n<td align=\"left\"><strong>Max. Surface Temperature (tc)<\/strong><\/td>\n<td align=\"left\">85 \u00b0C<\/td>\n<\/tr>\n<tr>\n<td align=\"left\"><strong>Permitted rel. Humidity<\/strong><\/td>\n<td align=\"left\">10&#8230;95 %<\/td>\n<\/tr>\n<tr>\n<td align=\"left\"><strong>Protection Class<\/strong><\/td>\n<td align=\"left\">II<\/td>\n<\/tr>\n<tr>\n<td align=\"left\"><strong>Type of Protection<\/strong><\/td>\n<td align=\"left\">IP20<\/td>\n<\/tr>\n<\/tbody>\n<\/table>\n<\/div>\n<p>\n<div class=\"fusion-text fusion-text-5\" style=\"--awb-font-size:16px;--awb-margin-left:2px;\"><\/p>\n<p>&nbsp;<\/p>\n<p>Protection<\/p>\n<p>\n<\/div>\n<\/p>\n<div class=\"table-1\">\n<table width=\"100%\">\n<colgroup>\n<col style=\"width: 38%;\" span=\"1\" \/>\n<col style=\"width: 62%;\" span=\"1\" \/> <\/colgroup>\n<tbody>\n<tr>\n<td align=\"left\"><strong>Short Circuit Protection<\/strong><\/td>\n<td align=\"left\">Yes *<\/td>\n<\/tr>\n<tr>\n<td align=\"left\"><strong>Overvoltage Protection<\/strong><\/td>\n<td align=\"left\">Yes *<\/td>\n<\/tr>\n<tr>\n<td align=\"left\"><strong>Overheating Protection<\/strong><\/td>\n<td align=\"left\">Yes *<\/td>\n<\/tr>\n<\/tbody>\n<\/table>\n<\/div>\n<p>\n<div class=\"fusion-text fusion-text-6\" style=\"--awb-font-size:12px;--awb-margin-left:2px;\"><\/p>\n<p>(*) The output shuts off and will be resumed, after problem is removed and led driver is restarted.<\/p>\n<p>\n<\/div>\n<div class=\"fusion-text fusion-text-7\" style=\"--awb-font-size:16px;--awb-margin-left:2px;\"><\/p>\n<p>&nbsp;<\/p>\n<p>Standards &amp; Certificates<\/p>\n<p>\n<\/div>\n<\/p>\n<div class=\"table-1\">\n<table width=\"100%\">\n<colgroup>\n<col style=\"width: 38%;\" span=\"1\" \/>\n<col style=\"width: 62%;\" span=\"1\" \/> <\/colgroup>\n<tbody>\n<tr>\n<td align=\"left\"><strong>Standards<\/strong><\/td>\n<td align=\"left\">EN 61347-1, EN 61347-2-13<br \/>\nEN 55015, EN 61547<br \/>\nEN 61000-3-2, EN 61000-3-3<\/td>\n<\/tr>\n<tr>\n<td align=\"left\"><strong>Dali Standard (DT-6)<\/strong><\/td>\n<td align=\"left\">IEC 62386-102, IEC 62386-207<\/td>\n<\/tr>\n<tr>\n<td align=\"left\"><strong>Approval Marks<\/strong><\/td>\n<td align=\"left\">CE, UKCA<\/td>\n<\/tr>\n<tr>\n<td align=\"left\"><strong>RoHS Compliant<\/strong><\/td>\n<td align=\"left\">Yes<\/td>\n<\/tr>\n<\/tbody>\n<\/table>\n<\/div>\n<p>\n<div class=\"fusion-text fusion-text-8\" style=\"--awb-font-size:16px;--awb-margin-left:2px;\"><\/p>\n<p>&nbsp;<\/p>\n<p>Installation<\/p>\n<p>\n<\/div>\n<\/p>\n<div class=\"table-1\">\n<table width=\"100%\">\n<colgroup>\n<col style=\"width: 38%;\" span=\"1\" \/>\n<col style=\"width: 62%;\" span=\"1\" \/> <\/colgroup>\n<tbody>\n<tr>\n<td align=\"left\"><strong>Type of Installation<\/strong><\/td>\n<td align=\"left\">Independent installation<\/td>\n<\/tr>\n<tr>\n<td align=\"left\"><strong>Type of Connection<\/strong><\/td>\n<td align=\"left\">Spring-loaded terminal<\/td>\n<\/tr>\n<tr>\n<td align=\"left\"><strong>Cable Cross-Section, input side<\/strong><\/td>\n<td align=\"left\">0.75&#8230;1.5 mm\u00b2<\/td>\n<\/tr>\n<tr>\n<td align=\"left\"><strong>Cable Cross-Section, output side<\/strong><\/td>\n<td align=\"left\">0.75&#8230;1.5 mm\u00b2<\/td>\n<\/tr>\n<tr>\n<td align=\"left\"><strong>Cable Preparation Length, input side<\/strong><\/td>\n<td align=\"left\">8 mm<\/td>\n<\/tr>\n<tr>\n<td align=\"left\"><strong>Cable Preparation Length, output side<\/strong><\/td>\n<td align=\"left\">8 mm<\/td>\n<\/tr>\n<\/tbody>\n<\/table>\n<\/div>\n<p>\n<div class=\"fusion-text fusion-text-9\" style=\"--awb-font-size:16px;--awb-margin-left:2px;\"><\/p>\n<p>&nbsp;<\/p>\n<p>Dimension<\/p>\n<p>\n<\/div>\n<div class=\"fusion-image-element fusion-image-align-center in-legacy-container\" style=\"text-align:center;--awb-max-width:800px;\"><div class=\"imageframe-align-center\"><span class=\" fusion-imageframe imageframe-none imageframe-1 hover-type-none\"><a href=\"https:\/\/www.illuburg.de\/wp-content\/uploads\/onlineshop\/dimension\/DALI_CV\/MI-15V12-DALI2_dimmension.png\" class=\"fusion-lightbox\" data-rel=\"iLightbox[18263188e92921f766d]\"><img decoding=\"async\" src=\"https:\/\/www.illuburg.de\/wp-content\/uploads\/onlineshop\/dimension\/DALI_CV\/MI-15V12-DALI2_dimmension.png\" alt class=\"img-responsive\"\/><\/a><\/span><\/div><\/div>\n<div class=\"fusion-text fusion-text-10\" style=\"--awb-font-size:16px;--awb-margin-left:2px;\"><\/p>\n<p>&nbsp;<\/p>\n<p>Connection<\/p>\n<p>\n<\/div>\n<div class=\"fusion-builder-row fusion-row\"><div class=\"fusion-layout-column fusion_builder_column fusion-builder-column-0 fusion_builder_column_1_2 1_2 fusion-one-half fusion-column-first\" style=\"--awb-bg-size:cover;width:48%; margin-right: 4%;\"><div class=\"fusion-column-wrapper fusion-flex-column-wrapper-legacy\"><div class=\"fusion-column-content-centered\"><div class=\"fusion-column-content\">\n<a href=\"https:\/\/www.illuburg.de\/wp-content\/uploads\/onlineshop\/connection\/DALI\/MI-15V12-DALI2_DALI_Dimmen_single.png\" data-rel=\"lightbox\"><br \/>\n<img decoding=\"async\" style=\"max-width: 1000px; width: 100%; display: block; margin: 0 auto;\" src=\"https:\/\/www.illuburg.de\/wp-content\/uploads\/onlineshop\/connection\/DALI\/MI-15V12-DALI2_DALI_Dimmen_single.png\" \/><br \/>\n<\/a><\/div><\/div><div class=\"fusion-clearfix\"><\/div><\/div><\/div>\n<div class=\"fusion-layout-column fusion_builder_column fusion-builder-column-1 fusion_builder_column_1_2 1_2 fusion-one-half fusion-column-last\" style=\"--awb-bg-size:cover;width:48%;\"><div class=\"fusion-column-wrapper fusion-flex-column-wrapper-legacy\"><div class=\"fusion-column-content-centered\"><div class=\"fusion-column-content\">\n<a href=\"https:\/\/www.illuburg.de\/wp-content\/uploads\/onlineshop\/connection\/DALI\/MI-15V12-DALI2_DALI_Dimmen_parallel.png\" data-rel=\"lightbox\"><br \/>\n<img decoding=\"async\" style=\"max-width: 1000px; width: 100%; display: block; margin: 0 auto;\" src=\"https:\/\/www.illuburg.de\/wp-content\/uploads\/onlineshop\/connection\/DALI\/MI-15V12-DALI2_DALI_Dimmen_parallel.png\" \/><br \/>\n<\/a><\/div><\/div><div class=\"fusion-clearfix\"><\/div><\/div><\/div>\n<\/div>\n<div class=\"fusion-builder-row fusion-row\"><div class=\"fusion-layout-column fusion_builder_column fusion-builder-column-2 fusion_builder_column_1_2 1_2 fusion-one-half fusion-column-first\" style=\"--awb-bg-size:cover;width:48%; margin-right: 4%;\"><div class=\"fusion-column-wrapper fusion-flex-column-wrapper-legacy\"><div class=\"fusion-column-content-centered\"><div class=\"fusion-column-content\">\n<a href=\"https:\/\/www.illuburg.de\/wp-content\/uploads\/onlineshop\/connection\/DALI\/MI-15V12-DALI2_PUSH_Dimmen_single.png\" data-rel=\"lightbox\"><br \/>\n<img decoding=\"async\" style=\"max-width: 1000px; width: 100%; display: block; margin: 0 auto;\" src=\"https:\/\/www.illuburg.de\/wp-content\/uploads\/onlineshop\/connection\/DALI\/MI-15V12-DALI2_PUSH_Dimmen_single.png\" \/><br \/>\n<\/a><\/div><\/div><div class=\"fusion-clearfix\"><\/div><\/div><\/div>\n<div class=\"fusion-layout-column fusion_builder_column fusion-builder-column-3 fusion_builder_column_1_2 1_2 fusion-one-half fusion-column-last\" style=\"--awb-bg-size:cover;width:48%;\"><div class=\"fusion-column-wrapper fusion-flex-column-wrapper-legacy\"><div class=\"fusion-column-content-centered\"><div class=\"fusion-column-content\">\n<a href=\"https:\/\/www.illuburg.de\/wp-content\/uploads\/onlineshop\/connection\/DALI\/MI-15V12-DALI2_PUSH_Dimmen_parallel.png\" data-rel=\"lightbox\"><br \/>\n<img decoding=\"async\" style=\"max-width: 1000px; width: 100%; display: block; margin: 0 auto;\" src=\"https:\/\/www.illuburg.de\/wp-content\/uploads\/onlineshop\/connection\/DALI\/MI-15V12-DALI2_PUSH_Dimmen_parallel.png\" \/><br \/>\n<\/a><\/div><\/div><div class=\"fusion-clearfix\"><\/div><\/div><\/div>\n<\/div>\n<div class=\"fusion-text fusion-text-11\" style=\"--awb-font-size:16px;--awb-margin-left:2px;\"><\/p>\n<p>&nbsp;<\/p>\n<p>Connection instructions<\/p>\n<p>\n<\/div>\n<div class=\"fusion-builder-row fusion-row\"><div class=\"fusion-layout-column fusion_builder_column fusion-builder-column-4 fusion_builder_column_1_2 1_2 fusion-one-half fusion-column-first\" style=\"--awb-bg-size:cover;width:48%; margin-right: 4%;\"><div class=\"fusion-column-wrapper fusion-flex-column-wrapper-legacy\"><div class=\"fusion-column-content-centered\"><div class=\"fusion-column-content\">\n<a href=\"https:\/\/www.illuburg.de\/wp-content\/uploads\/onlineshop\/connection\/DALI\/MI-15V12-DALI2_install_en_mobile_4.png\" data-rel=\"lightbox\"><br \/>\n<img decoding=\"async\" style=\"max-width: 1000px; width: 100%; display: block; margin: 0 auto;\" src=\"https:\/\/www.illuburg.de\/wp-content\/uploads\/onlineshop\/connection\/DALI\/MI-15V12-DALI2_install_en_mobile_4.png\" \/><br \/>\n<\/a><\/div><\/div><div class=\"fusion-clearfix\"><\/div><\/div><\/div>\n<div class=\"fusion-layout-column fusion_builder_column fusion-builder-column-5 fusion_builder_column_1_2 1_2 fusion-one-half fusion-column-last\" style=\"--awb-bg-size:cover;width:48%;\"><div class=\"fusion-column-wrapper fusion-flex-column-wrapper-legacy\"><div class=\"fusion-column-content-centered\"><div class=\"fusion-column-content\">\n<a href=\"https:\/\/www.illuburg.de\/wp-content\/uploads\/onlineshop\/connection\/DALI\/MI-15V12-DALI2_install_en_mobile_5.png\" data-rel=\"lightbox\"><br \/>\n<img decoding=\"async\" style=\"max-width: 1000px; width: 100%; display: block; margin: 0 auto;\" src=\"https:\/\/www.illuburg.de\/wp-content\/uploads\/onlineshop\/connection\/DALI\/MI-15V12-DALI2_install_en_mobile_5.png\" \/><br \/>\n<\/a><\/div><\/div><div class=\"fusion-clearfix\"><\/div><\/div><\/div>\n<\/div>\n<div class=\"fusion-text fusion-text-12\" style=\"--awb-font-size:1px;--awb-margin-left:1px;\"><\/p>\n<p><span style=\"color: #ffffff;\">LED-Netzteil MI-15V12-DALI2: LED Trafo Konstantpannung, Eingang 220 &#8211; 240 V (AC), Ausgang 12 V (DC), dimmbar mit DALI2, PUSH(pri.), flackerfrei, unabh\u00e4ngige Installation.<\/span><br \/>\n<span style=\"color: #ffffff;\">Leistung: Ideal f\u00fcr LEDs (Streifen, Lampen) bis 15 W(f\u00fcr GU5,3 \/ MR16 oder G4 \/ MR11 Fassung nicht geeignet), Parallelschaltung m\u00f6glich. Unsere Produkte k\u00f6nnen mit Volllast benutzt werden.<\/span><br \/>\n<span style=\"color: #ffffff;\">Flickerfree: Flackerfreie Lichtquelle bietet besseren Augenschutz und garantiert hochqualitative Videoaufnahme.<\/span><br \/>\n<span style=\"color: #ffffff;\">Dimmbarkeit: DALI-2, Taster (PUSH, prim\u00e4r) dimmbar, kompatible Dimmer bitte siehe unten die Produktbeschreibung.<\/span><br \/>\n<span style=\"color: #ffffff;\">Sicherheit &amp; Qualit\u00e4t: Schutzeinrichtung \u00dcberlastschutz, \u00dcberspannungsschutz, Kurzschlussschutz und \u00dcbertemperaturschutz vorhanden.<\/span><br \/>\n<span style=\"color: #ffffff;\">Montage: Schutzart IP20, Abmessung 150 x 52 x 28 mm (L x B x H), Umgebungstemperatur (ta) -20 &#8211; +45 \u00b0C, Max. Oberfl\u00e4chentemperatur (tc) 85\u00b0C. Einfacher Anschluss durch Schraubklemmen.<\/span><br \/>\n<span style=\"color: #ffffff;\">huatec eaglerise led trafo netzteil driver treiber transformator 12v 12 volt flickerfree flackerfrei dc konstantspannung gleichspannung 5w 10w 15w 5 10 15 watt dimmbar dimmable led-streifen lampe<\/span><br \/>\n<span style=\"color: #ffffff;\">LED Trafo 12V 15W dimmbar DALI-2 Push IP20<\/span><\/p>\n<\/div>\n","protected":false},"excerpt":{"rendered":"<p>12Vdc, DALI dimmable, 15W, IP20, 116x41x22mm<\/p>\n<p>Price plus VAT, plus <a href=\"https:\/\/abc-power.de\/en\/shipping-cost\/\" target=\"_blank\" rel=\"noopener\"><u>shipping cost<\/u><\/a><\/p>\n<p>[adp_product_bulk_rules_table]<\/p>\n","protected":false},"featured_media":42235,"comment_status":"open","ping_status":"closed","template":"","meta":[],"product_brand":[],"product_cat":[156],"product_tag":[],"class_list":{"0":"post-37750","1":"product","2":"type-product","3":"status-publish","4":"has-post-thumbnail","6":"product_cat-led-driver-dimmable-dali-constant-voltage","8":"first","9":"outofstock","10":"taxable","11":"shipping-taxable","12":"purchasable","13":"product-type-simple"},"yoast_head":"<!-- This site is optimized with the Yoast SEO Premium plugin v27.6 (Yoast SEO v27.6) - https:\/\/yoast.com\/product\/yoast-seo-premium-wordpress\/ -->\n<title>LED Driver 12V 15W DALI PUSH Dimmable for LED Spot | illuburg<\/title>\n<meta name=\"description\" content=\"The 12V 15W LED driver is DALI and PUSH (pri.) dimmable, and powers to LED spotlights with GU4 \/ MR11 and GU5.3 \/ MR16 sockets in parallel connection.\" \/>\n<meta name=\"robots\" content=\"index, follow, max-snippet:-1, max-image-preview:large, max-video-preview:-1\" \/>\n<link rel=\"canonical\" href=\"https:\/\/abc-power.de\/en\/produkt\/led-driver-12v-15w-dali-push-mi-15v12-dali2\/\" \/>\n<meta property=\"og:locale\" content=\"en_US\" \/>\n<meta property=\"og:type\" content=\"article\" \/>\n<meta property=\"og:title\" content=\"MI-15V12-DALI2\" \/>\n<meta property=\"og:description\" content=\"The 12V 15W LED driver is DALI and PUSH (pri.) dimmable, and powers to LED spotlights with GU4 \/ MR11 and GU5.3 \/ MR16 sockets in parallel connection.\" \/>\n<meta property=\"og:url\" content=\"https:\/\/abc-power.de\/en\/produkt\/led-driver-12v-15w-dali-push-mi-15v12-dali2\/\" \/>\n<meta property=\"og:site_name\" content=\"ABC Power\" \/>\n<meta property=\"article:modified_time\" content=\"2026-01-14T14:21:50+00:00\" \/>\n<meta property=\"og:image\" content=\"https:\/\/abc-power.de\/wp-content\/uploads\/2025\/05\/ILLU_MI-15V12-DALI2_original_web-1.png\" \/>\n\t<meta property=\"og:image:width\" content=\"1200\" \/>\n\t<meta property=\"og:image:height\" content=\"900\" \/>\n\t<meta property=\"og:image:type\" content=\"image\/png\" \/>\n<meta name=\"twitter:card\" content=\"summary_large_image\" \/>\n<meta name=\"twitter:label1\" content=\"Price\" \/>\n\t<meta name=\"twitter:data1\" content=\"14,99&euro;\" \/>\n\t<meta name=\"twitter:label2\" content=\"Availability\" \/>\n\t<meta name=\"twitter:data2\" content=\"Out of stock\" \/>\n<script type=\"application\/ld+json\" class=\"yoast-schema-graph\">{\"@context\":\"https:\\\/\\\/schema.org\",\"@graph\":[{\"@type\":\"WebPage\",\"@id\":\"https:\\\/\\\/abc-power.de\\\/en\\\/produkt\\\/led-driver-12v-15w-dali-push-mi-15v12-dali2\\\/\",\"url\":\"https:\\\/\\\/abc-power.de\\\/en\\\/produkt\\\/led-driver-12v-15w-dali-push-mi-15v12-dali2\\\/\",\"name\":\"LED Driver 12V 15W DALI PUSH Dimmable for LED Spot | illuburg\",\"isPartOf\":{\"@id\":\"https:\\\/\\\/abc-power.de\\\/en\\\/#website\"},\"primaryImageOfPage\":{\"@id\":\"https:\\\/\\\/abc-power.de\\\/en\\\/produkt\\\/led-driver-12v-15w-dali-push-mi-15v12-dali2\\\/#primaryimage\"},\"image\":{\"@id\":\"https:\\\/\\\/abc-power.de\\\/en\\\/produkt\\\/led-driver-12v-15w-dali-push-mi-15v12-dali2\\\/#primaryimage\"},\"thumbnailUrl\":\"https:\\\/\\\/abc-power.de\\\/wp-content\\\/uploads\\\/2025\\\/05\\\/ILLU_MI-15V12-DALI2_original_web-2.png\",\"datePublished\":\"2025-05-21T13:46:37+00:00\",\"dateModified\":\"2026-01-14T14:21:50+00:00\",\"description\":\"The 12V 15W LED driver is DALI and PUSH (pri.) dimmable, and powers to LED spotlights with GU4 \\\/ MR11 and GU5.3 \\\/ MR16 sockets in parallel connection.\",\"breadcrumb\":{\"@id\":\"https:\\\/\\\/abc-power.de\\\/en\\\/produkt\\\/led-driver-12v-15w-dali-push-mi-15v12-dali2\\\/#breadcrumb\"},\"inLanguage\":\"en-US\",\"potentialAction\":[{\"@type\":\"ReadAction\",\"target\":[\"https:\\\/\\\/abc-power.de\\\/en\\\/produkt\\\/led-driver-12v-15w-dali-push-mi-15v12-dali2\\\/\"]}]},{\"@type\":\"ImageObject\",\"inLanguage\":\"en-US\",\"@id\":\"https:\\\/\\\/abc-power.de\\\/en\\\/produkt\\\/led-driver-12v-15w-dali-push-mi-15v12-dali2\\\/#primaryimage\",\"url\":\"https:\\\/\\\/abc-power.de\\\/wp-content\\\/uploads\\\/2025\\\/05\\\/ILLU_MI-15V12-DALI2_original_web-2.png\",\"contentUrl\":\"https:\\\/\\\/abc-power.de\\\/wp-content\\\/uploads\\\/2025\\\/05\\\/ILLU_MI-15V12-DALI2_original_web-2.png\",\"width\":1200,\"height\":1200},{\"@type\":\"BreadcrumbList\",\"@id\":\"https:\\\/\\\/abc-power.de\\\/en\\\/produkt\\\/led-driver-12v-15w-dali-push-mi-15v12-dali2\\\/#breadcrumb\",\"itemListElement\":[{\"@type\":\"ListItem\",\"position\":1,\"name\":\"Startseite\",\"item\":\"https:\\\/\\\/abc-power.de\\\/en\\\/\"},{\"@type\":\"ListItem\",\"position\":2,\"name\":\"Products\",\"item\":\"https:\\\/\\\/abc-power.de\\\/en\\\/shop-full-width\\\/\"},{\"@type\":\"ListItem\",\"position\":3,\"name\":\"MI-15V12-DALI2\"}]},{\"@type\":\"WebSite\",\"@id\":\"https:\\\/\\\/abc-power.de\\\/en\\\/#website\",\"url\":\"https:\\\/\\\/abc-power.de\\\/en\\\/\",\"name\":\"ABC Power\",\"description\":\"All Best Lighting Components\",\"potentialAction\":[{\"@type\":\"SearchAction\",\"target\":{\"@type\":\"EntryPoint\",\"urlTemplate\":\"https:\\\/\\\/abc-power.de\\\/en\\\/?s={search_term_string}\"},\"query-input\":{\"@type\":\"PropertyValueSpecification\",\"valueRequired\":true,\"valueName\":\"search_term_string\"}}],\"inLanguage\":\"en-US\"}]}<\/script>\n<meta property=\"product:price:amount\" content=\"14.99\" \/>\n<meta property=\"product:price:currency\" content=\"EUR\" \/>\n<meta property=\"og:availability\" content=\"out of stock\" \/>\n<meta property=\"product:availability\" content=\"out of stock\" \/>\n<meta property=\"product:retailer_item_id\" content=\"NV060110\" \/>\n<meta property=\"product:condition\" content=\"new\" \/>\n<!-- \/ Yoast SEO Premium plugin. -->","yoast_head_json":{"title":"LED Driver 12V 15W DALI PUSH Dimmable for LED Spot | illuburg","description":"The 12V 15W LED driver is DALI and PUSH (pri.) dimmable, and powers to LED spotlights with GU4 \/ MR11 and GU5.3 \/ MR16 sockets in parallel connection.","robots":{"index":"index","follow":"follow","max-snippet":"max-snippet:-1","max-image-preview":"max-image-preview:large","max-video-preview":"max-video-preview:-1"},"canonical":"https:\/\/abc-power.de\/en\/produkt\/led-driver-12v-15w-dali-push-mi-15v12-dali2\/","og_locale":"en_US","og_type":"article","og_title":"MI-15V12-DALI2","og_description":"The 12V 15W LED driver is DALI and PUSH (pri.) dimmable, and powers to LED spotlights with GU4 \/ MR11 and GU5.3 \/ MR16 sockets in parallel connection.","og_url":"https:\/\/abc-power.de\/en\/produkt\/led-driver-12v-15w-dali-push-mi-15v12-dali2\/","og_site_name":"ABC Power","article_modified_time":"2026-01-14T14:21:50+00:00","og_image":[{"width":1200,"height":900,"url":"https:\/\/abc-power.de\/wp-content\/uploads\/2025\/05\/ILLU_MI-15V12-DALI2_original_web-1.png","type":"image\/png"}],"twitter_card":"summary_large_image","twitter_misc":{"Price":"14,99&euro;","Availability":"Out of stock"},"schema":{"@context":"https:\/\/schema.org","@graph":[{"@type":"WebPage","@id":"https:\/\/abc-power.de\/en\/produkt\/led-driver-12v-15w-dali-push-mi-15v12-dali2\/","url":"https:\/\/abc-power.de\/en\/produkt\/led-driver-12v-15w-dali-push-mi-15v12-dali2\/","name":"LED Driver 12V 15W DALI PUSH Dimmable for LED Spot | illuburg","isPartOf":{"@id":"https:\/\/abc-power.de\/en\/#website"},"primaryImageOfPage":{"@id":"https:\/\/abc-power.de\/en\/produkt\/led-driver-12v-15w-dali-push-mi-15v12-dali2\/#primaryimage"},"image":{"@id":"https:\/\/abc-power.de\/en\/produkt\/led-driver-12v-15w-dali-push-mi-15v12-dali2\/#primaryimage"},"thumbnailUrl":"https:\/\/abc-power.de\/wp-content\/uploads\/2025\/05\/ILLU_MI-15V12-DALI2_original_web-2.png","datePublished":"2025-05-21T13:46:37+00:00","dateModified":"2026-01-14T14:21:50+00:00","description":"The 12V 15W LED driver is DALI and PUSH (pri.) dimmable, and powers to LED spotlights with GU4 \/ MR11 and GU5.3 \/ MR16 sockets in parallel connection.","breadcrumb":{"@id":"https:\/\/abc-power.de\/en\/produkt\/led-driver-12v-15w-dali-push-mi-15v12-dali2\/#breadcrumb"},"inLanguage":"en-US","potentialAction":[{"@type":"ReadAction","target":["https:\/\/abc-power.de\/en\/produkt\/led-driver-12v-15w-dali-push-mi-15v12-dali2\/"]}]},{"@type":"ImageObject","inLanguage":"en-US","@id":"https:\/\/abc-power.de\/en\/produkt\/led-driver-12v-15w-dali-push-mi-15v12-dali2\/#primaryimage","url":"https:\/\/abc-power.de\/wp-content\/uploads\/2025\/05\/ILLU_MI-15V12-DALI2_original_web-2.png","contentUrl":"https:\/\/abc-power.de\/wp-content\/uploads\/2025\/05\/ILLU_MI-15V12-DALI2_original_web-2.png","width":1200,"height":1200},{"@type":"BreadcrumbList","@id":"https:\/\/abc-power.de\/en\/produkt\/led-driver-12v-15w-dali-push-mi-15v12-dali2\/#breadcrumb","itemListElement":[{"@type":"ListItem","position":1,"name":"Startseite","item":"https:\/\/abc-power.de\/en\/"},{"@type":"ListItem","position":2,"name":"Products","item":"https:\/\/abc-power.de\/en\/shop-full-width\/"},{"@type":"ListItem","position":3,"name":"MI-15V12-DALI2"}]},{"@type":"WebSite","@id":"https:\/\/abc-power.de\/en\/#website","url":"https:\/\/abc-power.de\/en\/","name":"ABC Power","description":"All Best Lighting Components","potentialAction":[{"@type":"SearchAction","target":{"@type":"EntryPoint","urlTemplate":"https:\/\/abc-power.de\/en\/?s={search_term_string}"},"query-input":{"@type":"PropertyValueSpecification","valueRequired":true,"valueName":"search_term_string"}}],"inLanguage":"en-US"}]},"product_price_amount":"14.99","product_price_currency":"EUR","og_availability":"out of stock","product_availability":"out of stock","product_retailer_item_id":"NV060110","product_condition":"new"},"_links":{"self":[{"href":"https:\/\/abc-power.de\/en\/wp-json\/wp\/v2\/product\/37750","targetHints":{"allow":["GET"]}}],"collection":[{"href":"https:\/\/abc-power.de\/en\/wp-json\/wp\/v2\/product"}],"about":[{"href":"https:\/\/abc-power.de\/en\/wp-json\/wp\/v2\/types\/product"}],"replies":[{"embeddable":true,"href":"https:\/\/abc-power.de\/en\/wp-json\/wp\/v2\/comments?post=37750"}],"wp:featuredmedia":[{"embeddable":true,"href":"https:\/\/abc-power.de\/en\/wp-json\/wp\/v2\/media\/42235"}],"wp:attachment":[{"href":"https:\/\/abc-power.de\/en\/wp-json\/wp\/v2\/media?parent=37750"}],"wp:term":[{"taxonomy":"product_brand","embeddable":true,"href":"https:\/\/abc-power.de\/en\/wp-json\/wp\/v2\/product_brand?post=37750"},{"taxonomy":"product_cat","embeddable":true,"href":"https:\/\/abc-power.de\/en\/wp-json\/wp\/v2\/product_cat?post=37750"},{"taxonomy":"product_tag","embeddable":true,"href":"https:\/\/abc-power.de\/en\/wp-json\/wp\/v2\/product_tag?post=37750"}],"curies":[{"name":"wp","href":"https:\/\/api.w.org\/{rel}","templated":true}]}}