{"id":41845,"date":"2026-03-12T11:40:42","date_gmt":"2026-03-12T10:40:42","guid":{"rendered":"https:\/\/abc-power.de\/produkt\/csu-24v48\/"},"modified":"2026-04-02T12:55:44","modified_gmt":"2026-04-02T10:55:44","slug":"led-driver-48v-24w-csu-24v48","status":"publish","type":"product","link":"https:\/\/abc-power.de\/en\/produkt\/led-driver-48v-24w-csu-24v48\/","title":{"rendered":"CSU-24V48"},"content":{"rendered":"<p style=\"color: #ffffff; font-size: 1%;\">Illuburg LED Driver 48V 24W Flickerfree for LED Strip Lamp Built-in LED Power Supply Transformer<\/p>\n<div class=\"fusion-text fusion-text-1\" style=\"--awb-font-size:16px;--awb-margin-left:1px;\"><\/p>\n<p><strong>CSU-24V48<\/strong><\/p>\n<p>\n<\/div>\n<div class=\"fusion-text fusion-text-2\" style=\"--awb-font-size:16px;--awb-margin-left:2px;\"><\/p>\n<p>LED power supply for 48 Vdc constant voltage<br \/>\n0.52 A (25 W) max., IP20, Built-in installation, non-dimmable<br \/>\nFlickerfree according to IEEE 1789<\/p>\n<p>\n<\/div>\n<div class=\"fusion-text fusion-text-3\" style=\"--awb-font-size:16px;--awb-margin-left:2px;\"><\/p>\n<p>&nbsp;<\/p>\n<p>Electrical Data<\/p>\n<p>\n<\/div>\n<\/p>\n<div class=\"table-1\">\n<table width=\"100%\">\n<colgroup>\n<col style=\"width: 38%;\" span=\"1\" \/>\n<col style=\"width: 62%;\" span=\"1\" \/> <\/colgroup>\n<tbody>\n<tr>\n<td align=\"left\"><strong>Input voltage (nominal)<\/strong><\/td>\n<td align=\"left\">220&#8230;240 Vac<\/td>\n<\/tr>\n<tr>\n<td align=\"left\"><strong>Input voltage (range)<\/strong><\/td>\n<td align=\"left\">198&#8230;264 Vac<\/td>\n<\/tr>\n<tr>\n<td align=\"left\"><strong>Mains frequency<\/strong><\/td>\n<td align=\"left\">50\/60 Hz<\/td>\n<\/tr>\n<tr>\n<td align=\"left\"><strong>Power factor (\u03bb)<\/strong><\/td>\n<td align=\"left\">\u2265 0.95\u2003\u2003 \u2003Full load, 230 Vac<\/td>\n<\/tr>\n<tr>\n<td align=\"left\"><strong>Input current<\/strong><\/td>\n<td align=\"left\">0.16 A max.<\/td>\n<\/tr>\n<tr>\n<td align=\"left\"><strong>No-load loss<\/strong><\/td>\n<td align=\"left\">\u2264 0.5 W<\/td>\n<\/tr>\n<tr>\n<td align=\"left\"><strong>Inrush current<\/strong><\/td>\n<td align=\"left\">20 A max.<\/td>\n<\/tr>\n<tr>\n<td align=\"left\"><strong>Leakage current<\/strong><\/td>\n<td align=\"left\">I\/P to O\/P &lt; 250 \u03bcA<\/td>\n<\/tr>\n<tr>\n<td align=\"left\"><strong>Output voltage<\/strong><\/td>\n<td align=\"left\">48 Vdc<\/td>\n<\/tr>\n<tr>\n<td align=\"left\"><strong>Output current<\/strong><\/td>\n<td align=\"left\">0.025&#8230;0.52 A<\/td>\n<\/tr>\n<tr>\n<td align=\"left\"><strong>Output power (nominal)<\/strong><\/td>\n<td align=\"left\">25 W max.<\/td>\n<\/tr>\n<tr>\n<td align=\"left\"><strong>Efficiency<\/strong><\/td>\n<td align=\"left\">\u2265 86 %<\/td>\n<\/tr>\n<tr>\n<td align=\"left\"><strong>Life time<\/strong><\/td>\n<td align=\"left\">&gt; 50.000 h<\/td>\n<\/tr>\n<tr>\n<td align=\"left\"><strong>Dimmable<\/strong><\/td>\n<td align=\"left\">No<\/td>\n<\/tr>\n<\/tbody>\n<\/table>\n<\/div>\n<p>\n<p style=\"color: #ffffff; font-size: 1%;\">LED Driver 48V 24W Flickerfree for LED Strip G4 GU5,3 MR11 MR16 Built-in LED Power Supply Transformer<\/p>\n<div class=\"fusion-text fusion-text-4\" style=\"--awb-font-size:16px;--awb-margin-top:50px;--awb-margin-left:2px;\"><\/p>\n<p>Operating Condition<\/p>\n<p>\n<\/div>\n<\/p>\n<div class=\"table-1\">\n<table width=\"100%\">\n<colgroup>\n<col style=\"width: 38%;\" span=\"1\" \/>\n<col style=\"width: 62%;\" span=\"1\" \/> <\/colgroup>\n<tbody>\n<tr>\n<td align=\"left\"><strong>Operating ambient temperature (ta)<\/strong><\/td>\n<td align=\"left\">-20&#8230;+50 \u00b0C<\/td>\n<\/tr>\n<tr>\n<td align=\"left\"><strong>Max. surface temperature (tc)<\/strong><\/td>\n<td align=\"left\">90 \u00b0C<\/td>\n<\/tr>\n<tr>\n<td align=\"left\"><strong>Permitted rel. humidity<\/strong><\/td>\n<td align=\"left\">10&#8230;90 %<\/td>\n<\/tr>\n<tr>\n<td align=\"left\"><strong>Protection class<\/strong><\/td>\n<td align=\"left\">II<\/td>\n<\/tr>\n<tr>\n<td align=\"left\"><strong>Type of protection<\/strong><\/td>\n<td align=\"left\">IP20<\/td>\n<\/tr>\n<\/tbody>\n<\/table>\n<\/div>\n<p>\n<div class=\"fusion-text fusion-text-5\" style=\"--awb-font-size:16px;--awb-margin-left:2px;\"><\/p>\n<p>&nbsp;<\/p>\n<p>Protection<\/p>\n<p>\n<\/div>\n<\/p>\n<div class=\"table-1\">\n<table width=\"100%\">\n<colgroup>\n<col style=\"width: 38%;\" span=\"1\" \/>\n<col style=\"width: 62%;\" span=\"1\" \/> <\/colgroup>\n<tbody>\n<tr>\n<td align=\"left\"><strong>Short circuit protection<\/strong><\/td>\n<td align=\"left\">Yes *<\/td>\n<\/tr>\n<tr>\n<td align=\"left\"><strong>Overload protection<\/strong><\/td>\n<td align=\"left\">Yes *<\/td>\n<\/tr>\n<tr>\n<td align=\"left\"><strong>No-load protection<\/strong><\/td>\n<td align=\"left\">Yes *<\/td>\n<\/tr>\n<\/tbody>\n<\/table>\n<\/div>\n<p>\n<div class=\"fusion-text fusion-text-6\" style=\"--awb-font-size:12px;--awb-margin-left:2px;\"><\/p>\n<p>(*) The output shuts off and will be resumed, after problem is removed and led driver is restarted.<\/p>\n<p>\n<\/div>\n<div class=\"fusion-text fusion-text-7\" style=\"--awb-font-size:16px;--awb-margin-left:2px;\"><\/p>\n<p>&nbsp;<\/p>\n<p>Standards &amp; Certificates<\/p>\n<p>\n<\/div>\n\n<div class=\"table-1\">\n<table width=\"100%\">\n<colgroup>\n<col style=\"width: 38%;\" span=\"1\" \/>\n<col style=\"width: 62%;\" span=\"1\" \/> <\/colgroup>\n<tbody>\n<tr>\n<td align=\"left\"><strong>Normen<\/strong><\/td>\n<td align=\"left\">EN 61347-1, EN 61347-2-13<br \/>\nEN 62384, EN 55015, EN 61547<br \/>\nEN 62493, EN 61000-3-2, EN 61000-3-3<\/td>\n<\/tr>\n<tr>\n<td align=\"left\"><strong>Approval marks<\/strong><\/td>\n<td align=\"left\">CE, UKCA<\/td>\n<\/tr>\n<tr>\n<td align=\"left\"><strong>RoHS compliant<\/strong><\/td>\n<td align=\"left\">Yes<\/td>\n<\/tr>\n<\/tbody>\n<\/table>\n<\/div>\n<p><br \/>\n<div class=\"fusion-text fusion-text-8\" style=\"--awb-font-size:16px;--awb-margin-top:50px;--awb-margin-left:2px;\"><\/p>\n<p style=\"color: #ffffff; font-size: 1%;\">LED Driver 48V 24W Flickerfree for LED Strip G4 GU5,3 MR11 MR16 Built-in LED Power Supply Transformer<\/p>\n<p>Installation<\/p>\n<p>\n<\/div><\/p>\n<\/p>\n<div class=\"table-1\">\n<table width=\"100%\">\n<colgroup>\n<col style=\"width: 38%;\" span=\"1\" \/>\n<col style=\"width: 62%;\" span=\"1\" \/> <\/colgroup>\n<tbody>\n<tr>\n<td align=\"left\"><strong>Cable cross section, input side<\/strong><\/td>\n<td align=\"left\">0.75&#8230;1.5 mm\u00b2<\/td>\n<\/tr>\n<tr>\n<td align=\"left\"><strong>Cable cross section, output side<\/strong><\/td>\n<td align=\"left\">0.5&#8230;1.5 mm\u00b2<\/td>\n<\/tr>\n<tr>\n<td align=\"left\"><strong>Cable preparation length, input side<\/strong><\/td>\n<td align=\"left\">7.0&#8230;9.0 mm<\/td>\n<\/tr>\n<tr>\n<td align=\"left\"><strong>Cable preparation length, output side<\/strong><\/td>\n<td align=\"left\">7.0&#8230;9.0 mm<\/td>\n<\/tr>\n<\/tbody>\n<\/table>\n<\/div>\n<p>\n<div class=\"fusion-text fusion-text-9\" style=\"--awb-font-size:16px;--awb-margin-left:2px;\"><\/p>\n<p>&nbsp;<\/p>\n<p>Dimension<\/p>\n<p>\n<\/div>\n<div class=\"fusion-image-element fusion-image-align-center in-legacy-container\" style=\"text-align:center;--awb-margin-top:50px;--awb-margin-right:30px;--awb-margin-left:30px;--awb-max-width:600px;\"><div class=\"imageframe-align-center\"><span class=\" fusion-imageframe imageframe-none imageframe-1 hover-type-none\"><img decoding=\"async\" src=\"https:\/\/www.illuburg.de\/wp-content\/uploads\/onlineshop\/dimension\/CV_compact\/CSU-24Vxx_dimension.png\" alt class=\"img-responsive\"\/><\/span><\/div><\/div>\n<div class=\"fusion-text fusion-text-10\" style=\"--awb-font-size:16px;--awb-margin-left:2px;\"><\/p>\n<p>&nbsp;<\/p>\n<p>Connection<\/p>\n<p>\n<\/div>\n<div class=\"fusion-image-element fusion-image-align-center in-legacy-container\" style=\"text-align:center;--awb-margin-top:50px;--awb-max-width:800px;\"><div class=\"imageframe-align-center\"><span class=\" fusion-imageframe imageframe-none imageframe-2 hover-type-none\"><img decoding=\"async\" src=\"https:\/\/www.illuburg.de\/wp-content\/uploads\/onlineshop\/connection\/CV\/CSU-24Vxx.png\" alt class=\"img-responsive\"\/><\/span><\/div><\/div>\n<p>&nbsp;<\/p>\n<div class=\"fusion-text fusion-text-11\" style=\"--awb-font-size:1px;--awb-margin-left:1px;\"><p>\n<span style=\"color: #ffffff;\">LED-TREIBER CSU-24V48: Eingang 220 &#8211; 240 V (AC), Ausgang 48 V (DC) Konstantpannung, nicht dimmbar, Einbau-Installation.<\/span><br \/>\n<span style=\"color: #ffffff;\">LEISTUNG: f\u00fcr LEDs (Streifen, Lampen) bis max. 24 W, Parallelschaltung m\u00f6glich. Unsere Produkte k\u00f6nnen mit Volllast benutzt werden.<\/span><br \/>\n<span style=\"color: #ffffff;\">FLICKERFREE: Flackerfreie Lichtquelle bietet besseren Augenschutz und garantiert hochqualitative Videoaufnahme.<\/span><br \/>\n<span style=\"color: #ffffff;\">MONTAGE: Schutzart IP20, Abmessung 55 x 23 mm (D x H), Umgebungstemperatur (ta) -20 &#8211; +50 \u00b0C, Max. Oberfl\u00e4chentemperatur (tc) 90\u00b0C.<\/span><br \/>\n<span style=\"color: #ffffff;\">SICHERHEIT &amp; QUALIT\u00c4T: Schutzeinrichtung \u00dcberlastschutz, \u00dcberspannungsschutz, Kurzschlussschutz und \u00dcbertemperaturschutz vorhanden. Pr\u00fcfzeichen CE, UKCA. Lebensdauer &gt; 30.000 Stunden.<\/span><br \/>\n<span style=\"color: #ffffff;\">illuburg led trafo netzteil driver treiber transformator 48v 48 volt dc konstantspannung gleichspannung 13w 14w 15w 18w 24w 13 14 15 18 24 watt flickerfree flackerfrei led-streifen lampe<\/span><br \/>\n<span style=\"color: #ffffff;\">LED Trafo 48V 24W Flickerfree IP20<\/span><\/p>\n<\/div>\n","protected":false},"excerpt":{"rendered":"<p>48Vdc constant, 24W, IP20, 55x51x25mm<\/p>\n<p>Price plus VAT, plus <a href=\"https:\/\/abc-power.de\/en\/shipping-cost\/\" target=\"_blank\" rel=\"noopener\"><u>shipping cost<\/u><\/a><\/p>\n<p>[adp_product_bulk_rules_table]<\/p>\n","protected":false},"featured_media":41842,"comment_status":"open","ping_status":"closed","template":"","meta":[],"product_brand":[],"product_cat":[191],"product_tag":[],"class_list":{"0":"post-41845","1":"product","2":"type-product","3":"status-publish","4":"has-post-thumbnail","6":"product_cat-led-driver-12v-24v-compact","8":"first","9":"instock","10":"taxable","11":"shipping-taxable","12":"purchasable","13":"product-type-simple"},"yoast_head":"<!-- This site is optimized with the Yoast SEO Premium plugin v27.5 (Yoast SEO v27.5) - https:\/\/yoast.com\/product\/yoast-seo-premium-wordpress\/ -->\n<title>CSU-24V48 - ABC Power<\/title>\n<meta name=\"robots\" content=\"index, follow, max-snippet:-1, max-image-preview:large, max-video-preview:-1\" \/>\n<link rel=\"canonical\" href=\"https:\/\/abc-power.de\/en\/produkt\/led-driver-48v-24w-csu-24v48\/\" \/>\n<meta property=\"og:locale\" content=\"en_US\" \/>\n<meta property=\"og:type\" content=\"article\" \/>\n<meta property=\"og:title\" content=\"CSU-24V48\" \/>\n<meta property=\"og:description\" content=\"48Vdc constant, 24W, IP20, 55x51x25mm  Price plus VAT, plus shipping cost  [adp_product_bulk_rules_table]\" \/>\n<meta property=\"og:url\" content=\"https:\/\/abc-power.de\/en\/produkt\/led-driver-48v-24w-csu-24v48\/\" \/>\n<meta property=\"og:site_name\" content=\"ABC Power\" \/>\n<meta property=\"article:modified_time\" content=\"2026-04-02T10:55:44+00:00\" \/>\n<meta property=\"og:image\" content=\"https:\/\/abc-power.de\/wp-content\/uploads\/2026\/03\/ILLU_CSU-24V48_original_web.png\" \/>\n\t<meta property=\"og:image:width\" content=\"1200\" \/>\n\t<meta property=\"og:image:height\" content=\"1200\" \/>\n\t<meta property=\"og:image:type\" content=\"image\/png\" \/>\n<meta name=\"twitter:card\" content=\"summary_large_image\" \/>\n<meta name=\"twitter:label1\" content=\"Price\" \/>\n\t<meta name=\"twitter:data1\" content=\"7,89&euro;\" \/>\n\t<meta name=\"twitter:label2\" content=\"Availability\" \/>\n\t<meta name=\"twitter:data2\" content=\"In stock\" \/>\n<script type=\"application\/ld+json\" class=\"yoast-schema-graph\">{\"@context\":\"https:\\\/\\\/schema.org\",\"@graph\":[{\"@type\":\"WebPage\",\"@id\":\"https:\\\/\\\/abc-power.de\\\/en\\\/produkt\\\/led-driver-48v-24w-csu-24v48\\\/\",\"url\":\"https:\\\/\\\/abc-power.de\\\/en\\\/produkt\\\/led-driver-48v-24w-csu-24v48\\\/\",\"name\":\"CSU-24V48 - ABC Power\",\"isPartOf\":{\"@id\":\"https:\\\/\\\/abc-power.de\\\/en\\\/#website\"},\"primaryImageOfPage\":{\"@id\":\"https:\\\/\\\/abc-power.de\\\/en\\\/produkt\\\/led-driver-48v-24w-csu-24v48\\\/#primaryimage\"},\"image\":{\"@id\":\"https:\\\/\\\/abc-power.de\\\/en\\\/produkt\\\/led-driver-48v-24w-csu-24v48\\\/#primaryimage\"},\"thumbnailUrl\":\"https:\\\/\\\/abc-power.de\\\/wp-content\\\/uploads\\\/2026\\\/03\\\/ILLU_CSU-24V48_original_web.png\",\"datePublished\":\"2026-03-12T10:40:42+00:00\",\"dateModified\":\"2026-04-02T10:55:44+00:00\",\"breadcrumb\":{\"@id\":\"https:\\\/\\\/abc-power.de\\\/en\\\/produkt\\\/led-driver-48v-24w-csu-24v48\\\/#breadcrumb\"},\"inLanguage\":\"en-US\",\"potentialAction\":[{\"@type\":\"ReadAction\",\"target\":[\"https:\\\/\\\/abc-power.de\\\/en\\\/produkt\\\/led-driver-48v-24w-csu-24v48\\\/\"]}]},{\"@type\":\"ImageObject\",\"inLanguage\":\"en-US\",\"@id\":\"https:\\\/\\\/abc-power.de\\\/en\\\/produkt\\\/led-driver-48v-24w-csu-24v48\\\/#primaryimage\",\"url\":\"https:\\\/\\\/abc-power.de\\\/wp-content\\\/uploads\\\/2026\\\/03\\\/ILLU_CSU-24V48_original_web.png\",\"contentUrl\":\"https:\\\/\\\/abc-power.de\\\/wp-content\\\/uploads\\\/2026\\\/03\\\/ILLU_CSU-24V48_original_web.png\",\"width\":1200,\"height\":1200},{\"@type\":\"BreadcrumbList\",\"@id\":\"https:\\\/\\\/abc-power.de\\\/en\\\/produkt\\\/led-driver-48v-24w-csu-24v48\\\/#breadcrumb\",\"itemListElement\":[{\"@type\":\"ListItem\",\"position\":1,\"name\":\"Startseite\",\"item\":\"https:\\\/\\\/abc-power.de\\\/en\\\/\"},{\"@type\":\"ListItem\",\"position\":2,\"name\":\"Products\",\"item\":\"https:\\\/\\\/abc-power.de\\\/en\\\/shop-full-width\\\/\"},{\"@type\":\"ListItem\",\"position\":3,\"name\":\"CSU-24V48\"}]},{\"@type\":\"WebSite\",\"@id\":\"https:\\\/\\\/abc-power.de\\\/en\\\/#website\",\"url\":\"https:\\\/\\\/abc-power.de\\\/en\\\/\",\"name\":\"ABC Power\",\"description\":\"All Best Lighting Components\",\"potentialAction\":[{\"@type\":\"SearchAction\",\"target\":{\"@type\":\"EntryPoint\",\"urlTemplate\":\"https:\\\/\\\/abc-power.de\\\/en\\\/?s={search_term_string}\"},\"query-input\":{\"@type\":\"PropertyValueSpecification\",\"valueRequired\":true,\"valueName\":\"search_term_string\"}}],\"inLanguage\":\"en-US\"}]}<\/script>\n<meta property=\"product:price:amount\" content=\"7.89\" \/>\n<meta property=\"product:price:currency\" content=\"EUR\" \/>\n<meta property=\"og:availability\" content=\"instock\" \/>\n<meta property=\"product:availability\" content=\"instock\" \/>\n<meta property=\"product:retailer_item_id\" content=\"NV010130\" \/>\n<meta property=\"product:condition\" content=\"new\" \/>\n<!-- \/ Yoast SEO Premium plugin. -->","yoast_head_json":{"title":"CSU-24V48 - ABC Power","robots":{"index":"index","follow":"follow","max-snippet":"max-snippet:-1","max-image-preview":"max-image-preview:large","max-video-preview":"max-video-preview:-1"},"canonical":"https:\/\/abc-power.de\/en\/produkt\/led-driver-48v-24w-csu-24v48\/","og_locale":"en_US","og_type":"article","og_title":"CSU-24V48","og_description":"48Vdc constant, 24W, IP20, 55x51x25mm  Price plus VAT, plus shipping cost  [adp_product_bulk_rules_table]","og_url":"https:\/\/abc-power.de\/en\/produkt\/led-driver-48v-24w-csu-24v48\/","og_site_name":"ABC Power","article_modified_time":"2026-04-02T10:55:44+00:00","og_image":[{"width":1200,"height":1200,"url":"https:\/\/abc-power.de\/wp-content\/uploads\/2026\/03\/ILLU_CSU-24V48_original_web.png","type":"image\/png"}],"twitter_card":"summary_large_image","twitter_misc":{"Price":"7,89&euro;","Availability":"In stock"},"schema":{"@context":"https:\/\/schema.org","@graph":[{"@type":"WebPage","@id":"https:\/\/abc-power.de\/en\/produkt\/led-driver-48v-24w-csu-24v48\/","url":"https:\/\/abc-power.de\/en\/produkt\/led-driver-48v-24w-csu-24v48\/","name":"CSU-24V48 - ABC Power","isPartOf":{"@id":"https:\/\/abc-power.de\/en\/#website"},"primaryImageOfPage":{"@id":"https:\/\/abc-power.de\/en\/produkt\/led-driver-48v-24w-csu-24v48\/#primaryimage"},"image":{"@id":"https:\/\/abc-power.de\/en\/produkt\/led-driver-48v-24w-csu-24v48\/#primaryimage"},"thumbnailUrl":"https:\/\/abc-power.de\/wp-content\/uploads\/2026\/03\/ILLU_CSU-24V48_original_web.png","datePublished":"2026-03-12T10:40:42+00:00","dateModified":"2026-04-02T10:55:44+00:00","breadcrumb":{"@id":"https:\/\/abc-power.de\/en\/produkt\/led-driver-48v-24w-csu-24v48\/#breadcrumb"},"inLanguage":"en-US","potentialAction":[{"@type":"ReadAction","target":["https:\/\/abc-power.de\/en\/produkt\/led-driver-48v-24w-csu-24v48\/"]}]},{"@type":"ImageObject","inLanguage":"en-US","@id":"https:\/\/abc-power.de\/en\/produkt\/led-driver-48v-24w-csu-24v48\/#primaryimage","url":"https:\/\/abc-power.de\/wp-content\/uploads\/2026\/03\/ILLU_CSU-24V48_original_web.png","contentUrl":"https:\/\/abc-power.de\/wp-content\/uploads\/2026\/03\/ILLU_CSU-24V48_original_web.png","width":1200,"height":1200},{"@type":"BreadcrumbList","@id":"https:\/\/abc-power.de\/en\/produkt\/led-driver-48v-24w-csu-24v48\/#breadcrumb","itemListElement":[{"@type":"ListItem","position":1,"name":"Startseite","item":"https:\/\/abc-power.de\/en\/"},{"@type":"ListItem","position":2,"name":"Products","item":"https:\/\/abc-power.de\/en\/shop-full-width\/"},{"@type":"ListItem","position":3,"name":"CSU-24V48"}]},{"@type":"WebSite","@id":"https:\/\/abc-power.de\/en\/#website","url":"https:\/\/abc-power.de\/en\/","name":"ABC Power","description":"All Best Lighting Components","potentialAction":[{"@type":"SearchAction","target":{"@type":"EntryPoint","urlTemplate":"https:\/\/abc-power.de\/en\/?s={search_term_string}"},"query-input":{"@type":"PropertyValueSpecification","valueRequired":true,"valueName":"search_term_string"}}],"inLanguage":"en-US"}]},"product_price_amount":"7.89","product_price_currency":"EUR","og_availability":"instock","product_availability":"instock","product_retailer_item_id":"NV010130","product_condition":"new"},"_links":{"self":[{"href":"https:\/\/abc-power.de\/en\/wp-json\/wp\/v2\/product\/41845","targetHints":{"allow":["GET"]}}],"collection":[{"href":"https:\/\/abc-power.de\/en\/wp-json\/wp\/v2\/product"}],"about":[{"href":"https:\/\/abc-power.de\/en\/wp-json\/wp\/v2\/types\/product"}],"replies":[{"embeddable":true,"href":"https:\/\/abc-power.de\/en\/wp-json\/wp\/v2\/comments?post=41845"}],"wp:featuredmedia":[{"embeddable":true,"href":"https:\/\/abc-power.de\/en\/wp-json\/wp\/v2\/media\/41842"}],"wp:attachment":[{"href":"https:\/\/abc-power.de\/en\/wp-json\/wp\/v2\/media?parent=41845"}],"wp:term":[{"taxonomy":"product_brand","embeddable":true,"href":"https:\/\/abc-power.de\/en\/wp-json\/wp\/v2\/product_brand?post=41845"},{"taxonomy":"product_cat","embeddable":true,"href":"https:\/\/abc-power.de\/en\/wp-json\/wp\/v2\/product_cat?post=41845"},{"taxonomy":"product_tag","embeddable":true,"href":"https:\/\/abc-power.de\/en\/wp-json\/wp\/v2\/product_tag?post=41845"}],"curies":[{"name":"wp","href":"https:\/\/api.w.org\/{rel}","templated":true}]}}